{"id":159,"date":"2025-04-08T19:02:23","date_gmt":"2025-04-08T19:02:23","guid":{"rendered":"https:\/\/sapasac.gob.mx\/?page_id=159"},"modified":"2026-01-28T18:37:50","modified_gmt":"2026-01-28T18:37:50","slug":"inicio-2","status":"publish","type":"page","link":"https:\/\/sapasac.gob.mx\/","title":{"rendered":"Inicio"},"content":{"rendered":"<p>[et_pb_section fb_built=\u00bb1&#8243; admin_label=\u00bbHeader\u00bb _builder_version=\u00bb4.27.4&#8243; _module_preset=\u00bbb49c55ff-7c3a-4170-9ab1-5ec188e4aa6a\u00bb background_color_gradient_stops=\u00bbgcid-d119accd-44d7-4f2f-b9d7-599c8463324b 0%|rgba(255,255,255,0) 25%|rgba(7,33,48,0.6) 76%|#072130 100%\u00bb background_image=\u00bbhttps:\/\/sapasac.gob.mx\/wp-content\/uploads\/2025\/04\/non-profit-03.jpg\u00bb collapsed=\u00bbon\u00bb global_colors_info=\u00bb{%22gcid-1f1bf5fb-a99d-4acc-8d9e-ddac074c158c%22:%91%22background_color_gradient_stops%22,%22background_color_gradient_stops%22%93,%22gcid-4c79ba3d-a281-4fb6-9b14-02f9a4c793f2%22:%91%22background_color_gradient_stops%22,%22background_color_gradient_stops%22%93,%22gcid-688c464a-d6f2-4296-b592-395352c71c79%22:%91%22background_color_gradient_stops%22,%22background_color_gradient_stops%22%93,%22gcid-d119accd-44d7-4f2f-b9d7-599c8463324b%22:%91%22background_color_gradient_stops%22,%22background_color_gradient_stops%22%93}\u00bb][et_pb_row column_structure=\u00bb1_3,1_3,1_3&#8243; make_equal=\u00bbon\u00bb _builder_version=\u00bb4.25.2&#8243; _module_preset=\u00bbdefault\u00bb global_colors_info=\u00bb{}\u00bb][et_pb_column type=\u00bb1_3&#8243; _builder_version=\u00bb4.25.2&#8243; _module_preset=\u00bb13dcd1df-594b-4ddb-b449-4317759adec2&#8243; global_colors_info=\u00bb{}\u00bb][et_pb_number_counter number=\u00bb26&#8243; percent_sign=\u00bboff\u00bb _builder_version=\u00bb4.27.4&#8243; _module_preset=\u00bba3ec8e40-8dd6-401c-8860-3e79f40e5626&#8243; text_orientation=\u00bbleft\u00bb global_colors_info=\u00bb{%22gcid-1f1b4e15-7cc6-4e13-8154-74d77a956460%22:%91%22quote_border_color%22,%22link_text_color%22,%22quote_text_color%22,%22number_text_color%22%93}\u00bb][\/et_pb_number_counter][et_pb_heading title=\u00bbPozos que laten por Coacalco\u00bb _builder_version=\u00bb4.27.4&#8243; _module_preset=\u00bbc03591e2-21f7-4fbc-8a5f-b56298e6f3ec\u00bb title_text_color=\u00bbgcid-1f1b4e15-7cc6-4e13-8154-74d77a956460&#8243; custom_margin=\u00bb||10px||false|false\u00bb global_colors_info=\u00bb{%22gcid-1f1b4e15-7cc6-4e13-8154-74d77a956460%22:%91%22title_text_color%22%93}\u00bb][\/et_pb_heading][et_pb_text _builder_version=\u00bb4.27.4&#8243; _module_preset=\u00bbed6e0f1c-97de-4efb-a86a-bcd903c748b8&#8243; global_colors_info=\u00bb{}\u00bb]<\/p>\n<p data-start=\"56\" data-end=\"160\" class=\"\"><span style=\"color: #000000;\">Coacalco garantizan el abasto para miles de familias todos los d\u00edas.<\/span><\/p>\n<p data-start=\"162\" data-end=\"257\" class=\"\"><span style=\"text-decoration: underline; color: #0000ff;\">Conoce sus ubicaciones<\/span><\/p>\n<p>[\/et_pb_text][\/et_pb_column][et_pb_column type=\u00bb1_3&#8243; _builder_version=\u00bb4.25.2&#8243; _module_preset=\u00bb7c1e08c9-7bc4-4a21-9b95-23fa644a1c02&#8243; global_colors_info=\u00bb{%22gcid-4c79ba3d-a281-4fb6-9b14-02f9a4c793f2%22:%91%22background_color%22%93}\u00bb][et_pb_image src=\u00bbhttps:\/\/sapasac.gob.mx\/wp-content\/uploads\/2025\/04\/nonprofit-01-1.png\u00bb title_text=\u00bbnonprofit-01-1&#8243; _builder_version=\u00bb4.25.2&#8243; _module_preset=\u00bbdefault\u00bb width=\u00bb50px\u00bb global_colors_info=\u00bb{}\u00bb][\/et_pb_image][et_pb_heading title=\u00bbAtenci\u00f3n Ciudadana \u00bb _builder_version=\u00bb4.27.4&#8243; _module_preset=\u00bbc03591e2-21f7-4fbc-8a5f-b56298e6f3ec\u00bb title_text_color=\u00bb#FFFFFF\u00bb custom_margin=\u00bb||10px||false|false\u00bb global_colors_info=\u00bb{}\u00bb][\/et_pb_heading][et_pb_text _builder_version=\u00bb4.27.4&#8243; _module_preset=\u00bb3d9e7735-d738-4f06-80c2-7f19c1c7a224&#8243; global_colors_info=\u00bb{}\u00bb]<\/p>\n<p data-start=\"86\" data-end=\"187\" class=\"\">Si tienes fugas, necesitas desazolve o una pipa, \u00a1escr\u00edbenos! Da click en &#8216;Levanta tu reporte&#8217;<\/p>\n<p data-start=\"189\" data-end=\"295\" class=\"\">[\/et_pb_text][\/et_pb_column][et_pb_column type=\u00bb1_3&#8243; _builder_version=\u00bb4.25.1&#8243; _module_preset=\u00bbdefault\u00bb global_colors_info=\u00bb{}\u00bb][et_pb_video src=\u00bbhttps:\/\/sapasac.gob.mx\/wp-content\/uploads\/2026\/01\/AQMybEIxDYgAbpmjYvsipJjopfSPT1mYWBtYUgOXiUQEJfUWF3n_HoB60_1heYHuOHRoJdx4SVshSSJ1J5o-G6mLfi34IilsdCftxVpN2-jiuw.mp4&#8243; module_class=\u00bblwp-video-autoplay\u00bb _builder_version=\u00bb4.27.4&#8243; _module_preset=\u00bbdefault\u00bb global_colors_info=\u00bb{}\u00bb][\/et_pb_video][et_pb_button url_new_window=\u00bbon\u00bb button_text=\u00bbLevanta tu reporte \u00bb button_alignment=\u00bbcenter\u00bb _builder_version=\u00bb4.27.4&#8243; _module_preset=\u00bbf6f42111-1039-49f5-9971-1994f851f467&#8243; custom_css_main_element=\u00bbwidth: 100%\u00bb global_colors_info=\u00bb{}\u00bb][\/et_pb_button][\/et_pb_column][\/et_pb_row][\/et_pb_section][et_pb_section fb_built=\u00bb1&#8243; disabled_on=\u00bbon|on|on\u00bb admin_label=\u00bbOur Mission\u00bb _builder_version=\u00bb4.27.4&#8243; _module_preset=\u00bb7f0760f3-eab0-4df4-b15d-21bfb1864347&#8243; custom_margin=\u00bb||||false\u00bb custom_padding=\u00bb5vw||5vw||true|false\u00bb disabled=\u00bbon\u00bb collapsed=\u00bbon\u00bb global_colors_info=\u00bb{}\u00bb][et_pb_row _builder_version=\u00bb4.25.1&#8243; _module_preset=\u00bbdefault\u00bb max_width=\u00bb900px\u00bb global_colors_info=\u00bb{}\u00bb][et_pb_column type=\u00bb4_4&#8243; _builder_version=\u00bb4.25.1&#8243; _module_preset=\u00bbdefault\u00bb global_colors_info=\u00bb{}\u00bb][et_pb_heading title=\u00bbNuestra Misi\u00f3n\u00bb _builder_version=\u00bb4.27.4&#8243; _module_preset=\u00bb9a5a886e-c86b-4b52-a4b3-af9652f0267f\u00bb title_text_align=\u00bbcenter\u00bb title_text_color=\u00bbgcid-4c79ba3d-a281-4fb6-9b14-02f9a4c793f2&#8243; global_colors_info=\u00bb{%22gcid-4c79ba3d-a281-4fb6-9b14-02f9a4c793f2%22:%91%22title_text_color%22%93}\u00bb][\/et_pb_heading][et_pb_heading title=\u00bb%22Proporcionar servicios de agua potable, alcantarillado y saneamiento de manera oportuna, eficiente y transparente a la poblaci\u00f3n de Coacalco, garantizando el acceso equitativo al recurso h\u00eddrico y fomentando una cultura de cuidado del agua y responsabilidad ambiental.%22&#8243; _builder_version=\u00bb4.27.4&#8243; _module_preset=\u00bba6d32c78-f7b4-428c-97a4-c7ac9bf64e45&#8243; title_text_align=\u00bbcenter\u00bb title_text_color=\u00bb#FFFFFF\u00bb global_colors_info=\u00bb{}\u00bb][\/et_pb_heading][\/et_pb_column][\/et_pb_row][\/et_pb_section][et_pb_section fb_built=\u00bb1&#8243; admin_label=\u00bbOur Mission\u00bb _builder_version=\u00bb4.27.4&#8243; _module_preset=\u00bb7f0760f3-eab0-4df4-b15d-21bfb1864347&#8243; background_image=\u00bbhttps:\/\/sapasac.gob.mx\/wp-content\/uploads\/2026\/01\/IMG_1175.png\u00bb min_height=\u00bb531px\u00bb min_height_tablet=\u00bb285px\u00bb min_height_phone=\u00bb103px\u00bb min_height_last_edited=\u00bbon|phone\u00bb custom_margin=\u00bb||||false\u00bb custom_padding=\u00bb5vw||5vw||true|false\u00bb collapsed=\u00bbon\u00bb global_colors_info=\u00bb{}\u00bb][et_pb_row _builder_version=\u00bb4.25.1&#8243; _module_preset=\u00bbdefault\u00bb max_width=\u00bb900px\u00bb global_colors_info=\u00bb{}\u00bb][et_pb_column type=\u00bb4_4&#8243; _builder_version=\u00bb4.25.1&#8243; _module_preset=\u00bbdefault\u00bb global_colors_info=\u00bb{}\u00bb][\/et_pb_column][\/et_pb_row][\/et_pb_section][et_pb_section fb_built=\u00bb1&#8243; admin_label=\u00bbPrograms\u00bb _builder_version=\u00bb4.25.1&#8243; _module_preset=\u00bb8d978f66-f9c6-455d-98cc-63c6827b226d\u00bb collapsed=\u00bbon\u00bb global_colors_info=\u00bb{}\u00bb][et_pb_row _builder_version=\u00bb4.25.1&#8243; _module_preset=\u00bbdefault\u00bb global_colors_info=\u00bb{}\u00bb][et_pb_column type=\u00bb4_4&#8243; _builder_version=\u00bb4.25.1&#8243; _module_preset=\u00bbdefault\u00bb global_colors_info=\u00bb{}\u00bb][et_pb_button button_url=\u00bbhttps:\/\/sapasac.gob.mx\/wp-content\/uploads\/2025\/11\/REGLAS-DE-OPERACIO\u0301N.pdf\u00bb url_new_window=\u00bbon\u00bb button_text=\u00bbConsulta las reglas de Operaci\u00f3n\u00bb button_alignment=\u00bbcenter\u00bb _builder_version=\u00bb4.27.4&#8243; _module_preset=\u00bbf6f42111-1039-49f5-9971-1994f851f467&#8243; hover_enabled=\u00bb0&#8243; custom_css_main_element=\u00bbwidth: 100%\u00bb global_colors_info=\u00bb{}\u00bb disabled_on=\u00bbon|on|on\u00bb disabled=\u00bbon\u00bb sticky_enabled=\u00bb0&#8243;][\/et_pb_button][et_pb_heading title=\u00bbUnidos por un futuro con agua limpia.\u00bb _builder_version=\u00bb4.27.4&#8243; _module_preset=\u00bb9a5a886e-c86b-4b52-a4b3-af9652f0267f\u00bb title_text_color=\u00bbgcid-1f1b4e15-7cc6-4e13-8154-74d77a956460&#8243; custom_margin=\u00bb||0px||false|false\u00bb global_colors_info=\u00bb{%22gcid-1f1b4e15-7cc6-4e13-8154-74d77a956460%22:%91%22title_text_color%22%93}\u00bb][\/et_pb_heading][et_pb_heading title=\u00bbCompromiso y servicio al alcance de todos.\u00bb _builder_version=\u00bb4.27.4&#8243; _module_preset=\u00bb5cb1af22-a7f3-4ba9-b772-7d6552fded26&#8243; global_colors_info=\u00bb{}\u00bb][\/et_pb_heading][\/et_pb_column][\/et_pb_row][et_pb_row column_structure=\u00bb1_3,1_3,1_3&#8243; _builder_version=\u00bb4.25.1&#8243; _module_preset=\u00bbdefault\u00bb global_colors_info=\u00bb{}\u00bb][et_pb_column type=\u00bb1_3&#8243; _builder_version=\u00bb4.25.1&#8243; _module_preset=\u00bbdefault\u00bb global_colors_info=\u00bb{}\u00bb][et_pb_image src=\u00bbhttps:\/\/sapasac.gob.mx\/wp-content\/uploads\/2025\/04\/restriccion.jpg\u00bb title_text=\u00bbrestricci\u00f3n\u00bb _builder_version=\u00bb4.27.4&#8243; _module_preset=\u00bb8f5f623b-17b2-48c7-bfaa-36c2e861f84d\u00bb custom_margin=\u00bb||||false|false\u00bb global_colors_info=\u00bb{}\u00bb][\/et_pb_image][et_pb_heading title=\u00bbRestricci\u00f3n por adeudo\u00bb _builder_version=\u00bb4.27.4&#8243; _module_preset=\u00bbc03591e2-21f7-4fbc-8a5f-b56298e6f3ec\u00bb custom_margin=\u00bb||0px||false|false\u00bb global_colors_info=\u00bb{}\u00bb][\/et_pb_heading][et_pb_text _builder_version=\u00bb4.27.4&#8243; _module_preset=\u00bbed6e0f1c-97de-4efb-a86a-bcd903c748b8&#8243; custom_margin=\u00bb||10px||false|false\u00bb global_colors_info=\u00bb{}\u00bb]<\/p>\n<div class=\"xdj266r x11i5rnm xat24cr x1mh8g0r x1vvkbs x126k92a\">\n<div dir=\"auto\"><span style=\"color: #000000;\">Esta tarde, en la colonia Los H\u00e9roes Coacalco, se realizaron las inspecciones correspondientes para verificar el correcto suministro de agua en las viviendas.<\/span><\/div>\n<\/div>\n<div class=\"x11i5rnm xat24cr x1mh8g0r x1vvkbs xtlvy1s x126k92a\"><\/div>\n<p>[\/et_pb_text][\/et_pb_column][et_pb_column type=\u00bb1_3&#8243; _builder_version=\u00bb4.25.1&#8243; _module_preset=\u00bbdefault\u00bb global_colors_info=\u00bb{}\u00bb][et_pb_image src=\u00bbhttps:\/\/sapasac.gob.mx\/wp-content\/uploads\/2025\/04\/limpieza-canal.jpg\u00bb title_text=\u00bblimpieza canal\u00bb _builder_version=\u00bb4.27.4&#8243; _module_preset=\u00bb8f5f623b-17b2-48c7-bfaa-36c2e861f84d\u00bb custom_margin=\u00bb||||false|false\u00bb global_colors_info=\u00bb{}\u00bb][\/et_pb_image][et_pb_heading title=\u00bbLimpieza  de Canal\u00bb _builder_version=\u00bb4.27.4&#8243; _module_preset=\u00bbc03591e2-21f7-4fbc-8a5f-b56298e6f3ec\u00bb custom_margin=\u00bb||0px||false|false\u00bb global_colors_info=\u00bb{}\u00bb][\/et_pb_heading][et_pb_text _builder_version=\u00bb4.27.4&#8243; _module_preset=\u00bbed6e0f1c-97de-4efb-a86a-bcd903c748b8&#8243; custom_margin=\u00bb||10px||false|false\u00bb global_colors_info=\u00bb{}\u00bb]<\/p>\n<div class=\"x11i5rnm xat24cr x1mh8g0r x1vvkbs xtlvy1s x126k92a\">\n<div dir=\"auto\"><span style=\"color: #000000;\">En SAPASAC trabajamos de manera coordinada con los municipios vecinos de Ecatepec, Jaltenco y Tultitl\u00e1n para realizar labores de limpieza en el Canal Cartagena.<\/span><\/div>\n<\/div>\n<div class=\"x11i5rnm xat24cr x1mh8g0r x1vvkbs xtlvy1s x126k92a\"><\/div>\n<p>[\/et_pb_text][\/et_pb_column][et_pb_column type=\u00bb1_3&#8243; _builder_version=\u00bb4.25.1&#8243; _module_preset=\u00bbdefault\u00bb global_colors_info=\u00bb{}\u00bb][et_pb_image src=\u00bbhttps:\/\/sapasac.gob.mx\/wp-content\/uploads\/2025\/04\/Denuncia-anonima.jpg\u00bb title_text=\u00bbDenuncia anonima\u00bb _builder_version=\u00bb4.27.4&#8243; _module_preset=\u00bb8f5f623b-17b2-48c7-bfaa-36c2e861f84d\u00bb custom_margin=\u00bb||||false|false\u00bb global_colors_info=\u00bb{}\u00bb][\/et_pb_image][et_pb_heading title=\u00bbEl agua es vida\u00bb _builder_version=\u00bb4.27.4&#8243; _module_preset=\u00bbc03591e2-21f7-4fbc-8a5f-b56298e6f3ec\u00bb custom_margin=\u00bb||0px||false|false\u00bb global_colors_info=\u00bb{}\u00bb][\/et_pb_heading][et_pb_text _builder_version=\u00bb4.27.4&#8243; _module_preset=\u00bbed6e0f1c-97de-4efb-a86a-bcd903c748b8&#8243; custom_margin=\u00bb||10px||false|false\u00bb global_colors_info=\u00bb{}\u00bb]<\/p>\n<div class=\"x11i5rnm xat24cr x1mh8g0r x1vvkbs xtlvy1s x126k92a\">\n<div dir=\"auto\"><span style=\"color: #000000;\">En <span class=\"html-span xdj266r x11i5rnm xat24cr x1mh8g0r xexx8yu x4uap5 x18d9i69 xkhd6sd x1hl2dhg x16tdsg8 x1vvkbs\"><a class=\"html-a xdj266r x11i5rnm xat24cr x1mh8g0r xexx8yu x4uap5 x18d9i69 xkhd6sd x1hl2dhg x16tdsg8 x1vvkbs\" style=\"color: #000000;\" tabindex=\"-1\"><\/a><\/span>atenci\u00f3n a las denuncias ciudadanas, nuestro equipo de Cultura del Agua notific\u00f3 a los domicilios y negocios reportados por el uso inadecuado del vital l\u00edquido.<\/span><\/div>\n<\/div>\n<div class=\"x11i5rnm xat24cr x1mh8g0r x1vvkbs xtlvy1s x126k92a\"><\/div>\n<p>[\/et_pb_text][\/et_pb_column][\/et_pb_row][\/et_pb_section][et_pb_section fb_built=\u00bb1&#8243; admin_label=\u00bbCall to Action\u00bb _builder_version=\u00bb4.25.2&#8243; _module_preset=\u00bb8d978f66-f9c6-455d-98cc-63c6827b226d\u00bb use_background_color_gradient=\u00bbon\u00bb background_color_gradient_type=\u00bbcircular\u00bb background_color_gradient_direction_radial=\u00bbtop left\u00bb background_color_gradient_stops=\u00bbgcid-2352d280-fe84-43b1-a71e-f400c35a526a 20%|rgba(255,255,255,0) 100%\u00bb background_color_gradient_overlays_image=\u00bbon\u00bb background_image=\u00bbhttps:\/\/sapasac.gob.mx\/wp-content\/uploads\/2025\/04\/non-profit-01.jpg\u00bb parallax=\u00bbon\u00bb custom_margin=\u00bb||||false\u00bb custom_padding=\u00bb8vw||8vw||true|false\u00bb collapsed=\u00bbon\u00bb global_colors_info=\u00bb{%22gcid-2352d280-fe84-43b1-a71e-f400c35a526a%22:%91%22background_color_gradient_stops%22%93}\u00bb][et_pb_row column_structure=\u00bb3_4,1_4&#8243; _builder_version=\u00bb4.25.2&#8243; _module_preset=\u00bbdefault\u00bb global_colors_info=\u00bb{}\u00bb][et_pb_column type=\u00bb3_4&#8243; _builder_version=\u00bb4.25.1&#8243; _module_preset=\u00bbdefault\u00bb global_colors_info=\u00bb{}\u00bb][et_pb_heading title=\u00bbSAPASAC trabaja para asegurar el acceso continuo y eficiente al agua potable, as\u00ed como la correcta gesti\u00f3n de alcantarillado y saneamiento, con un enfoque en la mejora constante de la infraestructura y la calidad de vida de la comunidad de Coacalco.\u00bb _builder_version=\u00bb4.27.4&#8243; _module_preset=\u00bba6d32c78-f7b4-428c-97a4-c7ac9bf64e45&#8243; title_text_color=\u00bb#FFFFFF\u00bb global_colors_info=\u00bb{}\u00bb][\/et_pb_heading][\/et_pb_column][et_pb_column type=\u00bb1_4&#8243; _builder_version=\u00bb4.25.1&#8243; _module_preset=\u00bbdefault\u00bb global_colors_info=\u00bb{}\u00bb][\/et_pb_column][\/et_pb_row][\/et_pb_section][et_pb_section fb_built=\u00bb1&#8243; specialty=\u00bbon\u00bb admin_label=\u00bbHow You Can Help\u00bb _builder_version=\u00bb4.25.1&#8243; _module_preset=\u00bbdefault\u00bb collapsed=\u00bbon\u00bb global_colors_info=\u00bb{}\u00bb][et_pb_column type=\u00bb1_2&#8243; _builder_version=\u00bb4.16&#8243; _module_preset=\u00bbdefault\u00bb custom_padding=\u00bb|||\u00bb global_colors_info=\u00bb{}\u00bb custom_padding__hover=\u00bb|||\u00bb][et_pb_heading title=\u00bbServicios \u00bb _builder_version=\u00bb4.27.4&#8243; _module_preset=\u00bb9a5a886e-c86b-4b52-a4b3-af9652f0267f\u00bb title_text_color=\u00bbgcid-1f1b4e15-7cc6-4e13-8154-74d77a956460&#8243; custom_margin=\u00bb||0px||false|false\u00bb locked=\u00bboff\u00bb global_colors_info=\u00bb{%22gcid-1f1b4e15-7cc6-4e13-8154-74d77a956460%22:%91%22title_text_color%22%93}\u00bb][\/et_pb_heading][et_pb_heading title=\u00bbCercanos a ti, responsables con el agua\u00bb _builder_version=\u00bb4.27.4&#8243; _module_preset=\u00bb5cb1af22-a7f3-4ba9-b772-7d6552fded26&#8243; global_colors_info=\u00bb{}\u00bb][\/et_pb_heading][et_pb_blurb title=\u00bbReportes en l\u00ednea \u00bb use_icon=\u00bbon\u00bb font_icon=\u00bb&#x52;||divi||400&#8243; _builder_version=\u00bb4.27.4&#8243; _module_preset=\u00bb6e8651dd-613c-4408-a310-66295b784f3e\u00bb header_font=\u00bbUrbanist|&#8211;et_global_heading_font_weight|||||||\u00bb body_text_color=\u00bb#000000&#8243; header_font_size_tablet=\u00bb\u00bb header_font_size_phone=\u00bb\u00bb header_font_size_last_edited=\u00bbon|phone\u00bb global_colors_info=\u00bb{%22gcid-1f1b4e15-7cc6-4e13-8154-74d77a956460%22:%91%22icon_color%22%93}\u00bb]<\/p>\n<p>Utiliza nuestro sistema de reportes en l\u00ednea y colabora en el cuidado del agua y tu comunidad.<\/p>\n<p>[\/et_pb_blurb][et_pb_blurb title=\u00bbUnidad M\u00f3vil  de cobro \u00bb use_icon=\u00bbon\u00bb font_icon=\u00bb&#x52;||divi||400&#8243; _builder_version=\u00bb4.27.4&#8243; _module_preset=\u00bb6e8651dd-613c-4408-a310-66295b784f3e\u00bb body_text_color=\u00bb#000000&#8243; global_colors_info=\u00bb{}\u00bb]<\/p>\n<p>Identifica la unidad movil m\u00e1s cerca a tu hogar.<\/p>\n<p>[\/et_pb_blurb][et_pb_blurb title=\u00bbDenuncias An\u00f3nimas \u00bb use_icon=\u00bbon\u00bb font_icon=\u00bb&#x52;||divi||400&#8243; _builder_version=\u00bb4.27.4&#8243; _module_preset=\u00bb6e8651dd-613c-4408-a310-66295b784f3e\u00bb body_text_color=\u00bb#000000&#8243; global_colors_info=\u00bb{}\u00bb]<\/p>\n<p>Recuerda que puedes denunciar si no estan cuidando el agua.<\/p>\n<p>[\/et_pb_blurb][\/et_pb_column][et_pb_column type=\u00bb1_2&#8243; specialty_columns=\u00bb2&#8243; _builder_version=\u00bb4.16&#8243; _module_preset=\u00bbdefault\u00bb custom_padding=\u00bb|||\u00bb global_colors_info=\u00bb{}\u00bb custom_padding__hover=\u00bb|||\u00bb][et_pb_row_inner _builder_version=\u00bb4.27.4&#8243; _module_preset=\u00bbdefault\u00bb global_colors_info=\u00bb{}\u00bb][et_pb_column_inner saved_specialty_column_type=\u00bb1_2&#8243; _builder_version=\u00bb4.27.4&#8243; _module_preset=\u00bbdefault\u00bb global_colors_info=\u00bb{}\u00bb][et_pb_divider show_divider=\u00bboff\u00bb disabled_on=\u00bbon|on|off\u00bb _builder_version=\u00bb4.27.4&#8243; _module_preset=\u00bbdefault\u00bb global_colors_info=\u00bb{}\u00bb][\/et_pb_divider][et_pb_divider show_divider=\u00bboff\u00bb disabled_on=\u00bbon|on|off\u00bb _builder_version=\u00bb4.27.4&#8243; _module_preset=\u00bbdefault\u00bb global_colors_info=\u00bb{}\u00bb][\/et_pb_divider][et_pb_divider show_divider=\u00bboff\u00bb disabled_on=\u00bbon|on|off\u00bb _builder_version=\u00bb4.27.4&#8243; _module_preset=\u00bbdefault\u00bb global_colors_info=\u00bb{}\u00bb][\/et_pb_divider][et_pb_divider show_divider=\u00bboff\u00bb disabled_on=\u00bbon|on|off\u00bb _builder_version=\u00bb4.27.4&#8243; _module_preset=\u00bbdefault\u00bb global_colors_info=\u00bb{}\u00bb][\/et_pb_divider][et_pb_divider show_divider=\u00bboff\u00bb disabled_on=\u00bbon|on|off\u00bb _builder_version=\u00bb4.27.4&#8243; _module_preset=\u00bbdefault\u00bb global_colors_info=\u00bb{}\u00bb][\/et_pb_divider][et_pb_divider show_divider=\u00bboff\u00bb disabled_on=\u00bbon|on|off\u00bb _builder_version=\u00bb4.27.4&#8243; _module_preset=\u00bbdefault\u00bb global_colors_info=\u00bb{}\u00bb][\/et_pb_divider][et_pb_divider show_divider=\u00bboff\u00bb disabled_on=\u00bbon|on|off\u00bb _builder_version=\u00bb4.27.4&#8243; _module_preset=\u00bbdefault\u00bb global_colors_info=\u00bb{}\u00bb][\/et_pb_divider][et_pb_divider show_divider=\u00bboff\u00bb disabled_on=\u00bbon|on|off\u00bb _builder_version=\u00bb4.27.4&#8243; _module_preset=\u00bbdefault\u00bb global_colors_info=\u00bb{}\u00bb][\/et_pb_divider][\/et_pb_column_inner][\/et_pb_row_inner][et_pb_row_inner column_structure=\u00bb1_2,1_2&#8243; use_custom_gutter=\u00bbon\u00bb gutter_width=\u00bb2&#8243; _builder_version=\u00bb4.25.1&#8243; _module_preset=\u00bbdefault\u00bb global_colors_info=\u00bb{}\u00bb][et_pb_column_inner type=\u00bb1_2&#8243; saved_specialty_column_type=\u00bb1_2&#8243; _builder_version=\u00bb4.25.1&#8243; _module_preset=\u00bbdefault\u00bb global_colors_info=\u00bb{}\u00bb][et_pb_image src=\u00bbhttps:\/\/sapasac.gob.mx\/wp-content\/uploads\/2025\/05\/WhatsApp-Image-2025-05-06-at-1.25.55-PM.jpeg\u00bb title_text=\u00bbWhatsApp Image 2025-05-06 at 1.25.55 PM\u00bb _builder_version=\u00bb4.27.4&#8243; _module_preset=\u00bb8f5f623b-17b2-48c7-bfaa-36c2e861f84d\u00bb custom_margin=\u00bb||||false|false\u00bb custom_margin_last_edited=\u00bboff|phone\u00bb global_colors_info=\u00bb{}\u00bb][\/et_pb_image][\/et_pb_column_inner][et_pb_column_inner type=\u00bb1_2&#8243; saved_specialty_column_type=\u00bb1_2&#8243; _builder_version=\u00bb4.27.4&#8243; _module_preset=\u00bbdefault\u00bb global_colors_info=\u00bb{}\u00bb][et_pb_image src=\u00bbhttps:\/\/sapasac.gob.mx\/wp-content\/uploads\/2025\/04\/coche.jpg\u00bb title_text=\u00bbcoche\u00bb _builder_version=\u00bb4.27.4&#8243; _module_preset=\u00bb8f5f623b-17b2-48c7-bfaa-36c2e861f84d\u00bb locked=\u00bboff\u00bb global_colors_info=\u00bb{}\u00bb][\/et_pb_image][\/et_pb_column_inner][\/et_pb_row_inner][\/et_pb_column][\/et_pb_section]<\/p>\n","protected":false},"excerpt":{"rendered":"<p>Coacalco garantizan el abasto para miles de familias todos los d\u00edas. Conoce sus ubicacionesSi tienes fugas, necesitas desazolve o una pipa, \u00a1escr\u00edbenos! Da click en &#8216;Levanta tu reporte&#8217; Esta tarde, en la colonia Los H\u00e9roes Coacalco, se realizaron las inspecciones correspondientes para verificar el correcto suministro de agua en las viviendas. En SAPASAC trabajamos de [&hellip;]<\/p>\n","protected":false},"author":1,"featured_media":0,"parent":0,"menu_order":0,"comment_status":"closed","ping_status":"closed","template":"","meta":{"_et_pb_use_builder":"on","_et_pb_old_content":"","_et_gb_content_width":"","footnotes":""},"class_list":["post-159","page","type-page","status-publish","hentry"],"_links":{"self":[{"href":"https:\/\/sapasac.gob.mx\/index.php\/wp-json\/wp\/v2\/pages\/159","targetHints":{"allow":["GET"]}}],"collection":[{"href":"https:\/\/sapasac.gob.mx\/index.php\/wp-json\/wp\/v2\/pages"}],"about":[{"href":"https:\/\/sapasac.gob.mx\/index.php\/wp-json\/wp\/v2\/types\/page"}],"author":[{"embeddable":true,"href":"https:\/\/sapasac.gob.mx\/index.php\/wp-json\/wp\/v2\/users\/1"}],"replies":[{"embeddable":true,"href":"https:\/\/sapasac.gob.mx\/index.php\/wp-json\/wp\/v2\/comments?post=159"}],"version-history":[{"count":14,"href":"https:\/\/sapasac.gob.mx\/index.php\/wp-json\/wp\/v2\/pages\/159\/revisions"}],"predecessor-version":[{"id":1115,"href":"https:\/\/sapasac.gob.mx\/index.php\/wp-json\/wp\/v2\/pages\/159\/revisions\/1115"}],"wp:attachment":[{"href":"https:\/\/sapasac.gob.mx\/index.php\/wp-json\/wp\/v2\/media?parent=159"}],"curies":[{"name":"wp","href":"https:\/\/api.w.org\/{rel}","templated":true}]}}