{"id":308,"date":"2025-04-14T18:41:03","date_gmt":"2025-04-14T18:41:03","guid":{"rendered":"https:\/\/sapasac.gob.mx\/?page_id=308"},"modified":"2026-01-20T17:13:27","modified_gmt":"2026-01-20T17:13:27","slug":"reparaciones-de-fugas-de-agua-potable","status":"publish","type":"page","link":"https:\/\/sapasac.gob.mx\/index.php\/reparaciones-de-fugas-de-agua-potable\/","title":{"rendered":"Reparaciones de fugas de agua potable"},"content":{"rendered":"<p>[et_pb_section fb_built=\u00bb1&#8243; _builder_version=\u00bb4.27.4&#8243; _module_preset=\u00bbdefault\u00bb background_color=\u00bbrgba(12,113,195,0.2)\u00bb global_colors_info=\u00bb{}\u00bb][et_pb_row _builder_version=\u00bb4.27.4&#8243; _module_preset=\u00bbdefault\u00bb global_colors_info=\u00bb{}\u00bb][et_pb_column type=\u00bb4_4&#8243; _builder_version=\u00bb4.27.4&#8243; _module_preset=\u00bbdefault\u00bb global_colors_info=\u00bb{}\u00bb][et_pb_text _builder_version=\u00bb4.27.4&#8243; _module_preset=\u00bbdefault\u00bb text_font=\u00bbABeeZee||||||||\u00bb text_font_size=\u00bb40px\u00bb header_font=\u00bbAbhaya Libre||||||||\u00bb header_font_size=\u00bb44px\u00bb background_enable_color=\u00bboff\u00bb global_colors_info=\u00bb{}\u00bb]<\/p>\n<h2 style=\"text-align: center;\"><strong>Reparacion de fugas de agua potable<\/strong><\/h2>\n<p>[\/et_pb_text][\/et_pb_column][\/et_pb_row][\/et_pb_section][et_pb_section fb_built=\u00bb1&#8243; _builder_version=\u00bb4.27.4&#8243; _module_preset=\u00bbdefault\u00bb custom_padding=\u00bb||||false|false\u00bb global_colors_info=\u00bb{}\u00bb][et_pb_row column_structure=\u00bb1_4,1_4,1_4,1_4&#8243; _builder_version=\u00bb4.27.4&#8243; _module_preset=\u00bbdefault\u00bb global_colors_info=\u00bb{}\u00bb][et_pb_column type=\u00bb1_4&#8243; _builder_version=\u00bb4.27.4&#8243; _module_preset=\u00bbdefault\u00bb global_colors_info=\u00bb{}\u00bb][et_pb_image src=\u00bbhttps:\/\/sapasac.gob.mx\/wp-content\/uploads\/2025\/04\/SAPASAC_Mesa-de-trabajo-1-scaled.jpg\u00bb title_text=\u00bbSAPASAC_Mesa de trabajo 1&#8243; _builder_version=\u00bb4.27.4&#8243; _module_preset=\u00bbdefault\u00bb width=\u00bb91%\u00bb max_width=\u00bb90%\u00bb global_colors_info=\u00bb{}\u00bb][\/et_pb_image][\/et_pb_column][et_pb_column type=\u00bb1_4&#8243; _builder_version=\u00bb4.27.4&#8243; _module_preset=\u00bbdefault\u00bb global_colors_info=\u00bb{}\u00bb][et_pb_text _builder_version=\u00bb4.27.4&#8243; _module_preset=\u00bbdefault\u00bb text_font=\u00bbABeeZee||||||||\u00bb text_text_color=\u00bb#000000&#8243; text_font_size=\u00bb25px\u00bb global_colors_info=\u00bb{}\u00bb]<\/p>\n<p><strong>Descripcion.<\/strong><\/p>\n<p>[\/et_pb_text][et_pb_text _builder_version=\u00bb4.27.4&#8243; _module_preset=\u00bbdefault\u00bb text_font=\u00bbABeeZee||||||||\u00bb text_text_color=\u00bb#000000&#8243; background_color=\u00bb#FFFFFF\u00bb text_orientation=\u00bbcenter\u00bb custom_margin=\u00bb||-173px|||\u00bb global_colors_info=\u00bb{}\u00bb]<\/p>\n<p>Se realiza la excavacion en la zona donde brota el agua y se realiza la reparacion, siempre y cuando se trate de la infraestructura hidraulica del organismo en el territorio municipal.<\/p>\n<p>[\/et_pb_text][\/et_pb_column][et_pb_column type=\u00bb1_4&#8243; _builder_version=\u00bb4.27.4&#8243; _module_preset=\u00bbdefault\u00bb global_colors_info=\u00bb{}\u00bb][et_pb_text _builder_version=\u00bb4.27.4&#8243; _module_preset=\u00bbdefault\u00bb text_font=\u00bbABeeZee||||||||\u00bb text_text_color=\u00bb#000000&#8243; text_font_size=\u00bb25px\u00bb global_colors_info=\u00bb{}\u00bb]<\/p>\n<p><strong>Costo.<\/strong><\/p>\n<p>[\/et_pb_text][et_pb_text _builder_version=\u00bb4.27.4&#8243; _module_preset=\u00bbdefault\u00bb text_text_color=\u00bb#000000&#8243; global_colors_info=\u00bb{}\u00bb]<\/p>\n<p style=\"text-align: center;\">Gratuito.<\/p>\n<p>[\/et_pb_text][\/et_pb_column][et_pb_column type=\u00bb1_4&#8243; _builder_version=\u00bb4.27.4&#8243; _module_preset=\u00bbdefault\u00bb global_colors_info=\u00bb{}\u00bb][et_pb_text _builder_version=\u00bb4.27.4&#8243; _module_preset=\u00bbdefault\u00bb text_font=\u00bbABeeZee||||||||\u00bb text_text_color=\u00bb#000000&#8243; text_font_size=\u00bb25px\u00bb global_colors_info=\u00bb{}\u00bb]<\/p>\n<p><strong>Donde se paga.<\/strong><\/p>\n<p>[\/et_pb_text][et_pb_text _builder_version=\u00bb4.27.4&#8243; _module_preset=\u00bbdefault\u00bb text_font=\u00bbABeeZee||||||||\u00bb text_text_color=\u00bb#000000&#8243; global_colors_info=\u00bb{}\u00bb]<\/p>\n<p style=\"text-align: center;\">N\/A<\/p>\n<p>[\/et_pb_text][\/et_pb_column][\/et_pb_row][\/et_pb_section][et_pb_section fb_built=\u00bb1&#8243; _builder_version=\u00bb4.27.4&#8243; _module_preset=\u00bbdefault\u00bb custom_padding=\u00bb||54px|||\u00bb global_colors_info=\u00bb{}\u00bb][et_pb_row column_structure=\u00bb1_2,1_2&#8243; _builder_version=\u00bb4.27.4&#8243; _module_preset=\u00bbdefault\u00bb global_colors_info=\u00bb{}\u00bb][et_pb_column type=\u00bb1_2&#8243; _builder_version=\u00bb4.27.4&#8243; _module_preset=\u00bbdefault\u00bb global_colors_info=\u00bb{}\u00bb][et_pb_toggle title=\u00bbFundamento legal.\u00bb open_toggle_background_color=\u00bb#FFFFFF\u00bb closed_toggle_text_color=\u00bb#FFFFFF\u00bb closed_toggle_background_color=\u00bb#0C71C3&#8243; _builder_version=\u00bb4.27.4&#8243; _module_preset=\u00bbdefault\u00bb body_text_color=\u00bb#000000&#8243; global_colors_info=\u00bb{}\u00bb]<\/p>\n<p>Articulo 4TO. P\u00e1rrafo Sexto, 115 Fracci\u00f3n III Inciso A) De la constituci\u00f3n pol\u00edtica de los estados unidos mexicanos, 123 y 124 de la ley org\u00e1nica municipal y 1,2 y 37 de la ley de agua para el estado de M\u00e9xico y municipios, 103 y 106 del reglamento de la ley del agua para el estado de M\u00e9xico y municipios.<\/p>\n<p>[\/et_pb_toggle][et_pb_toggle title=\u00bbRequisitos de instituciones publicas.\u00bb open_toggle_text_color=\u00bb#000000&#8243; open_toggle_background_color=\u00bb#FFFFFF\u00bb closed_toggle_background_color=\u00bb#0C71C3&#8243; _builder_version=\u00bb4.27.4&#8243; _module_preset=\u00bbdefault\u00bb title_text_color=\u00bb#FFFFFF\u00bb body_text_color=\u00bb#000000&#8243; global_colors_info=\u00bb{}\u00bb]<\/p>\n<p>Generar numero de reporte llamando o acudiendo a las instalaciones del organismo.<\/p>\n<p>[\/et_pb_toggle][\/et_pb_column][et_pb_column type=\u00bb1_2&#8243; _builder_version=\u00bb4.27.4&#8243; _module_preset=\u00bbdefault\u00bb global_colors_info=\u00bb{}\u00bb][et_pb_toggle title=\u00bbRequisitos de personas morales.\u00bb closed_toggle_text_color=\u00bb#FFFFFF\u00bb closed_toggle_background_color=\u00bb#0C71C3&#8243; _builder_version=\u00bb4.27.4&#8243; _module_preset=\u00bbdefault\u00bb body_text_align=\u00bbleft\u00bb body_text_color=\u00bb#000000&#8243; global_colors_info=\u00bb{}\u00bb]<\/p>\n<p>Generar numero de reporte llamando o acudiendo a las instalaciones del organismo.<\/p>\n<p>[\/et_pb_toggle][et_pb_toggle title=\u00bbRequisitos de personas fisicas.\u00bb closed_toggle_text_color=\u00bb#FFFFFF\u00bb closed_toggle_background_color=\u00bb#0C71C3&#8243; _builder_version=\u00bb4.27.4&#8243; _module_preset=\u00bbdefault\u00bb body_text_color=\u00bb#000000&#8243; global_colors_info=\u00bb{}\u00bb]<\/p>\n<p>Generar numero de reporte llamando o acudiendo a las instalaciones del organismo.<\/p>\n<p>[\/et_pb_toggle][\/et_pb_column][\/et_pb_row][\/et_pb_section][et_pb_section fb_built=\u00bb1&#8243; _builder_version=\u00bb4.27.4&#8243; _module_preset=\u00bbdefault\u00bb global_colors_info=\u00bb{}\u00bb][et_pb_row column_structure=\u00bb1_2,1_2&#8243; _builder_version=\u00bb4.27.4&#8243; _module_preset=\u00bbdefault\u00bb global_colors_info=\u00bb{}\u00bb][et_pb_column type=\u00bb1_2&#8243; _builder_version=\u00bb4.27.4&#8243; _module_preset=\u00bbdefault\u00bb global_colors_info=\u00bb{}\u00bb][et_pb_image src=\u00bbhttps:\/\/sapasac.gob.mx\/wp-content\/uploads\/2025\/08\/qr-code-14.png\u00bb title_text=\u00bbqr-code (14)\u00bb align=\u00bbcenter\u00bb _builder_version=\u00bb4.27.4&#8243; _module_preset=\u00bbdefault\u00bb width=\u00bb50%\u00bb max_width=\u00bb50%\u00bb global_colors_info=\u00bb{}\u00bb][\/et_pb_image][\/et_pb_column][et_pb_column type=\u00bb1_2&#8243; _builder_version=\u00bb4.27.4&#8243; _module_preset=\u00bbdefault\u00bb global_colors_info=\u00bb{}\u00bb][et_pb_button button_url=\u00bbhttps:\/\/sapasac.gob.mx\/wp-content\/uploads\/2025\/08\/REPARACION-DE-FUGAS-DE-AGUA-POTABLE.pdf\u00bb url_new_window=\u00bbon\u00bb button_text=\u00bbREMTy\u00bb button_alignment=\u00bbcenter\u00bb _builder_version=\u00bb4.27.4&#8243; _module_preset=\u00bbdefault\u00bb custom_button=\u00bbon\u00bb button_text_size=\u00bb23px\u00bb button_text_color=\u00bb#0C71C3&#8243; custom_margin=\u00bb||0px||false|false\u00bb custom_padding=\u00bb||0px||false|false\u00bb box_shadow_style=\u00bbpreset4&#8243; global_colors_info=\u00bb{}\u00bb][\/et_pb_button][et_pb_divider _builder_version=\u00bb4.27.4&#8243; _module_preset=\u00bbdefault\u00bb show_divider=\u00bboff\u00bb hover_enabled=\u00bb0&#8243; sticky_enabled=\u00bb0&#8243;][\/et_pb_divider][et_pb_button button_url=\u00bbhttps:\/\/sapasac.gob.mx\/wp-content\/uploads\/2026\/01\/FORMATO-DE-TRA\u0301MITES-2026.pdf\u00bb url_new_window=\u00bbon\u00bb button_text=\u00bbDescargar Formato\u00bb button_alignment=\u00bbcenter\u00bb _builder_version=\u00bb4.27.4&#8243; _module_preset=\u00bbdefault\u00bb custom_button=\u00bbon\u00bb button_text_size=\u00bb23px\u00bb button_text_color=\u00bb#0C71C3&#8243; custom_margin=\u00bb||0px||false|false\u00bb custom_padding=\u00bb||0px||false|false\u00bb hover_enabled=\u00bb0&#8243; box_shadow_style=\u00bbpreset4&#8243; global_colors_info=\u00bb{}\u00bb sticky_enabled=\u00bb0&#8243;][\/et_pb_button][\/et_pb_column][\/et_pb_row][\/et_pb_section][et_pb_section fb_built=\u00bb1&#8243; _builder_version=\u00bb4.27.4&#8243; _module_preset=\u00bbdefault\u00bb global_colors_info=\u00bb{}\u00bb][et_pb_row column_structure=\u00bb1_2,1_2&#8243; _builder_version=\u00bb4.27.4&#8243; _module_preset=\u00bbdefault\u00bb global_colors_info=\u00bb{}\u00bb][et_pb_column type=\u00bb1_2&#8243; _builder_version=\u00bb4.27.4&#8243; _module_preset=\u00bbdefault\u00bb global_colors_info=\u00bb{}\u00bb][et_pb_text _builder_version=\u00bb4.27.4&#8243; _module_preset=\u00bbdefault\u00bb text_font=\u00bbABeeZee||||||||\u00bb text_text_color=\u00bb#000000&#8243; global_colors_info=\u00bb{}\u00bb]<\/p>\n<h3><strong>Documento a obtener.<\/strong><\/h3>\n<p>Hoja de servicio firmada de conformidad.<\/p>\n<h3><strong>Casos en el que el tramite debe realizarse.<\/strong><\/h3>\n<p>Cuando el usuario se percata que en su domicilio hay constante humedad o no fluye el agua debido a que puede existir una fuga interna en la red o en su caso se encuentra tapada la toma principal.<\/p>\n<h3><strong>Criterios de resolucion de tramite.<\/strong><\/h3>\n<p>Los servicios que presta el organismo publico descentralizado son unicamente dentro de la jurisdiccion del municipio y\/o hasta la zona que cubren los servicios y que cumplan los requisitos.<\/p>\n<p>[\/et_pb_text][\/et_pb_column][et_pb_column type=\u00bb1_2&#8243; _builder_version=\u00bb4.27.4&#8243; _module_preset=\u00bbdefault\u00bb global_colors_info=\u00bb{}\u00bb][et_pb_text _builder_version=\u00bb4.27.4&#8243; _module_preset=\u00bbdefault\u00bb text_font=\u00bbABeeZee||||||||\u00bb text_text_color=\u00bb#000000&#8243; global_colors_info=\u00bb{}\u00bb]<\/p>\n<h3 class=\"tbk__title\" itemprop=\"headline\"><strong><span>Unidad Administrativa Responsable<\/span><\/strong><\/h3>\n<p class=\"kl-title-block clearfix tbk--text- tbk--center text-center tbk-symbol--  tbk-icon-pos--after-title eluid31e84a95 \">Gerencia Operativo<\/p>\n<p class=\"kl-title-block clearfix tbk--text- tbk--center text-center tbk-symbol--  tbk-icon-pos--after-title eluid31e84a95 \">\n<div class=\"kl-title-block clearfix tbk--text- tbk--center text-center tbk-symbol--  tbk-icon-pos--after-title eluidffd6ea74 \">\n<h3 class=\"tbk__title\" itemprop=\"headline\"><span><strong>Titular de la Dependencia<\/strong><\/span><\/h3>\n<p>Lic. Aldo Gustavo de la Rosa Garc\u00eda<\/p>\n<h3><strong><\/strong><\/h3>\n<h3><strong>Domicilio<\/strong><\/h3>\n<\/div>\n<div class=\"kl-title-block clearfix tbk--text- tbk--center text-center tbk-symbol--  tbk-icon-pos--after-title eluidca498fec \">\n<p class=\"tbk__subtitle\" itemprop=\"alternativeHeadline\">Calle Av. Zarzaparrillas Esq. Yutes S\/N, Los H\u00e9roes Coacalco, en Coacalco de Berrioz\u00e1bal C.P. 55712<\/p>\n<p class=\"tbk__subtitle\" itemprop=\"alternativeHeadline\">\n<\/div>\n<div class=\"kl-title-block clearfix tbk--text- tbk--center text-center tbk-symbol--  tbk-icon-pos--after-title eluide929dadf \">\n<h3 class=\"tbk__title\" itemprop=\"headline\"><span><strong>Tel\u00e9fono<\/strong><\/span><span><\/span><\/h3>\n<p class=\"tbk__subtitle\" itemprop=\"alternativeHeadline\">5558793800. EXT. N\/A<\/p>\n<p class=\"tbk__subtitle\" itemprop=\"alternativeHeadline\">\n<h3><strong>\u00a0<\/strong><strong>Correo electr\u00f3nico<\/strong><\/h3>\n<\/div>\n<div class=\"kl-title-block clearfix tbk--text- tbk--center text-center tbk-symbol--  tbk-icon-pos--after-title eluid4677c24c \">\n<p class=\"tbk__subtitle\" itemprop=\"alternativeHeadline\">N\/A<\/p>\n<\/div>\n<p>[\/et_pb_text][\/et_pb_column][\/et_pb_row][\/et_pb_section]<\/p>\n","protected":false},"excerpt":{"rendered":"<p>Reparacion de fugas de agua potableDescripcion.Se realiza la excavacion en la zona donde brota el agua y se realiza la reparacion, siempre y cuando se trate de la infraestructura hidraulica del organismo en el territorio municipal.Costo.Gratuito.Donde se paga.N\/AArticulo 4TO. P\u00e1rrafo Sexto, 115 Fracci\u00f3n III Inciso A) De la constituci\u00f3n pol\u00edtica de los estados unidos mexicanos, [&hellip;]<\/p>\n","protected":false},"author":1,"featured_media":0,"parent":0,"menu_order":0,"comment_status":"closed","ping_status":"closed","template":"","meta":{"_et_pb_use_builder":"on","_et_pb_old_content":"","_et_gb_content_width":"","footnotes":""},"class_list":["post-308","page","type-page","status-publish","hentry"],"_links":{"self":[{"href":"https:\/\/sapasac.gob.mx\/index.php\/wp-json\/wp\/v2\/pages\/308","targetHints":{"allow":["GET"]}}],"collection":[{"href":"https:\/\/sapasac.gob.mx\/index.php\/wp-json\/wp\/v2\/pages"}],"about":[{"href":"https:\/\/sapasac.gob.mx\/index.php\/wp-json\/wp\/v2\/types\/page"}],"author":[{"embeddable":true,"href":"https:\/\/sapasac.gob.mx\/index.php\/wp-json\/wp\/v2\/users\/1"}],"replies":[{"embeddable":true,"href":"https:\/\/sapasac.gob.mx\/index.php\/wp-json\/wp\/v2\/comments?post=308"}],"version-history":[{"count":6,"href":"https:\/\/sapasac.gob.mx\/index.php\/wp-json\/wp\/v2\/pages\/308\/revisions"}],"predecessor-version":[{"id":1094,"href":"https:\/\/sapasac.gob.mx\/index.php\/wp-json\/wp\/v2\/pages\/308\/revisions\/1094"}],"wp:attachment":[{"href":"https:\/\/sapasac.gob.mx\/index.php\/wp-json\/wp\/v2\/media?parent=308"}],"curies":[{"name":"wp","href":"https:\/\/api.w.org\/{rel}","templated":true}]}}