{"id":442,"date":"2025-04-24T18:42:18","date_gmt":"2025-04-24T18:42:18","guid":{"rendered":"https:\/\/sapasac.gob.mx\/?page_id=442"},"modified":"2026-01-22T16:53:49","modified_gmt":"2026-01-22T16:53:49","slug":"permiso-anual-de-descarga-de-aguas-residuales-2","status":"publish","type":"page","link":"https:\/\/sapasac.gob.mx\/index.php\/permiso-anual-de-descarga-de-aguas-residuales-2\/","title":{"rendered":"Permiso anual de descarga de aguas residuales"},"content":{"rendered":"<p>[et_pb_section fb_built=\u00bb1&#8243; _builder_version=\u00bb4.27.4&#8243; _module_preset=\u00bbdefault\u00bb background_color=\u00bbrgba(12,113,195,0.2)\u00bb global_colors_info=\u00bb{}\u00bb][et_pb_row _builder_version=\u00bb4.27.4&#8243; _module_preset=\u00bbdefault\u00bb global_colors_info=\u00bb{}\u00bb][et_pb_column type=\u00bb4_4&#8243; _builder_version=\u00bb4.27.4&#8243; _module_preset=\u00bbdefault\u00bb global_colors_info=\u00bb{}\u00bb][et_pb_text _builder_version=\u00bb4.27.4&#8243; _module_preset=\u00bbdefault\u00bb text_font=\u00bbABeeZee||||||||\u00bb text_font_size=\u00bb40px\u00bb header_font=\u00bbAbhaya Libre||||||||\u00bb header_font_size=\u00bb44px\u00bb background_enable_color=\u00bboff\u00bb global_colors_info=\u00bb{}\u00bb]<\/p>\n<h1 style=\"text-align: center;\">Permiso anual de descarga de aguas residuales.<\/h1>\n<p>[\/et_pb_text][\/et_pb_column][\/et_pb_row][\/et_pb_section][et_pb_section fb_built=\u00bb1&#8243; _builder_version=\u00bb4.27.4&#8243; _module_preset=\u00bbdefault\u00bb custom_padding=\u00bb||||false|false\u00bb global_colors_info=\u00bb{}\u00bb][et_pb_row column_structure=\u00bb1_4,1_4,1_4,1_4&#8243; _builder_version=\u00bb4.27.4&#8243; _module_preset=\u00bbdefault\u00bb global_colors_info=\u00bb{}\u00bb][et_pb_column type=\u00bb1_4&#8243; _builder_version=\u00bb4.27.4&#8243; _module_preset=\u00bbdefault\u00bb global_colors_info=\u00bb{}\u00bb][et_pb_image src=\u00bbhttps:\/\/sapasac.gob.mx\/wp-content\/uploads\/2025\/04\/SAPASAC_Mesa-de-trabajo-1-scaled.jpg\u00bb title_text=\u00bbSAPASAC_Mesa de trabajo 1&#8243; _builder_version=\u00bb4.27.4&#8243; _module_preset=\u00bbdefault\u00bb width=\u00bb91%\u00bb max_width=\u00bb90%\u00bb global_colors_info=\u00bb{}\u00bb][\/et_pb_image][\/et_pb_column][et_pb_column type=\u00bb1_4&#8243; _builder_version=\u00bb4.27.4&#8243; _module_preset=\u00bbdefault\u00bb global_colors_info=\u00bb{}\u00bb][et_pb_text _builder_version=\u00bb4.27.4&#8243; _module_preset=\u00bbdefault\u00bb text_font=\u00bbABeeZee||||||||\u00bb text_text_color=\u00bb#000000&#8243; text_font_size=\u00bb25px\u00bb global_colors_info=\u00bb{}\u00bb]<\/p>\n<p><strong>Descripcion.<\/strong><\/p>\n<p>[\/et_pb_text][et_pb_text _builder_version=\u00bb4.27.4&#8243; _module_preset=\u00bbdefault\u00bb text_font=\u00bbABeeZee||||||||\u00bb text_text_color=\u00bb#000000&#8243; background_color=\u00bb#FFFFFF\u00bb text_orientation=\u00bbcenter\u00bb custom_margin=\u00bb||-173px|||\u00bb global_colors_info=\u00bb{}\u00bb]<\/p>\n<p>Documento con el cual debe contar los usuarios no domesticos que descarguen aguas residuales a la red de alcantarillado municipal mediate el cual se tiene la certeza que los propietarios de giro industriales, comerciales y de servicio no rebasan los limites maximos permisibles de contaminantes en las aguas residuales que se vierten al sistema de alcantarillado y drenaje municipal.<\/p>\n<p>[\/et_pb_text][\/et_pb_column][et_pb_column type=\u00bb1_4&#8243; _builder_version=\u00bb4.27.4&#8243; _module_preset=\u00bbdefault\u00bb global_colors_info=\u00bb{}\u00bb][et_pb_text _builder_version=\u00bb4.27.4&#8243; _module_preset=\u00bbdefault\u00bb text_font=\u00bbABeeZee||||||||\u00bb text_text_color=\u00bb#000000&#8243; text_font_size=\u00bb25px\u00bb global_colors_info=\u00bb{}\u00bb]<\/p>\n<p><strong>Costo.<\/strong><\/p>\n<p>[\/et_pb_text][et_pb_text _builder_version=\u00bb4.27.4&#8243; _module_preset=\u00bbdefault\u00bb text_text_color=\u00bb#000000&#8243; global_colors_info=\u00bb{}\u00bb]<\/p>\n<p>De acuerdo a las caracteristicas de la calidad y volumen del agua descargada.<\/p>\n<p>[\/et_pb_text][\/et_pb_column][et_pb_column type=\u00bb1_4&#8243; _builder_version=\u00bb4.27.4&#8243; _module_preset=\u00bbdefault\u00bb global_colors_info=\u00bb{}\u00bb][et_pb_text _builder_version=\u00bb4.27.4&#8243; _module_preset=\u00bbdefault\u00bb text_font=\u00bbABeeZee||||||||\u00bb text_text_color=\u00bb#000000&#8243; text_font_size=\u00bb25px\u00bb global_colors_info=\u00bb{}\u00bb]<\/p>\n<p><strong>Donde se paga.<\/strong><\/p>\n<p>[\/et_pb_text][et_pb_text _builder_version=\u00bb4.27.4&#8243; _module_preset=\u00bbdefault\u00bb text_font=\u00bbABeeZee||||||||\u00bb text_text_color=\u00bb#000000&#8243; global_colors_info=\u00bb{}\u00bb]<\/p>\n<p>Oficinas de recaudacion zarzaparrillas.<\/p>\n<p>[\/et_pb_text][\/et_pb_column][\/et_pb_row][\/et_pb_section][et_pb_section fb_built=\u00bb1&#8243; _builder_version=\u00bb4.27.4&#8243; _module_preset=\u00bbdefault\u00bb custom_padding=\u00bb||54px|||\u00bb global_colors_info=\u00bb{}\u00bb][et_pb_row column_structure=\u00bb1_2,1_2&#8243; _builder_version=\u00bb4.27.4&#8243; _module_preset=\u00bbdefault\u00bb global_colors_info=\u00bb{}\u00bb][et_pb_column type=\u00bb1_2&#8243; _builder_version=\u00bb4.27.4&#8243; _module_preset=\u00bbdefault\u00bb global_colors_info=\u00bb{}\u00bb][et_pb_toggle title=\u00bbFundamento legal.\u00bb open_toggle_background_color=\u00bb#FFFFFF\u00bb closed_toggle_text_color=\u00bb#FFFFFF\u00bb closed_toggle_background_color=\u00bb#0C71C3&#8243; _builder_version=\u00bb4.27.4&#8243; _module_preset=\u00bbdefault\u00bb body_text_color=\u00bb#000000&#8243; global_colors_info=\u00bb{}\u00bb]<\/p>\n<p>ARt\u00cdCULOS 87, 88, 88 BiS, 89, 90, 91 BIS y 94 BIS DE LA LEY DE AGUAS NACIONALES; ART\u00cdCULO 1 FRACCI\u00d3N VI, FRACCI\u00d3N VIlI, 119 BIS, 120 Y 121<br \/>LA<br \/>DE LA LEY GENERAL DEL EQUILIBRIO ECOL\u00d3GICO Y LA PROTECCI\u00d3N AL AMBIENTE; ART\u00cdCULO 44 FRACCI\u00d3N XI Y XII, 80, 151 Y 155 DE LA LEY DEL<br \/>AGUA PARA el esTaDO dE MEXICO Y MUNICIPIOS; 2.9 FRACCIONES VI, XIV Y XX, 2.10, 2.153, 2.155 FRACCI\u00d3N 11, 2.156, 2.159 DEL C\u00d3DIGO PARA<br \/>Y<br \/>LA BIODIVERSIDAD DEL ESTADO DE M\u00c9XICO Y MUNICIPIOS Y LA NOM 002-SEMARNAT.1996<\/p>\n<p>[\/et_pb_toggle][et_pb_toggle title=\u00bbRequisitos de personas fisicas.\u00bb closed_toggle_text_color=\u00bb#FFFFFF\u00bb closed_toggle_background_color=\u00bb#0C71C3&#8243; _builder_version=\u00bb4.27.4&#8243; _module_preset=\u00bbdefault\u00bb body_text_color=\u00bb#000000&#8243; hover_enabled=\u00bb0&#8243; global_colors_info=\u00bb{}\u00bb sticky_enabled=\u00bb0&#8243;]<\/p>\n<p>Alta<\/p>\n<p>1.- Formato de solicitud.<\/p>\n<p>2.- Uso de sueldo.<\/p>\n<p>3.- Recibo de pago de agua al corriente.<\/p>\n<p>4.- An\u00e1lisis vigentes bajo la norma -002-semarnat-1996.<br \/>5.- Licencia de funcionamiento o copia del tr\u00e1mite.<\/p>\n<p>6.- Identificaci\u00f3n oficial del titular.<\/p>\n<p>7.- documentaci\u00f3n que acredite la propiedad o contrato de arrendamiento.<\/p>\n<p>8.- Carta poder en caso de realizar el tramite una persona diferente.<\/p>\n<p>9.- Plano hidrosanitario y\/o croquis indicando n\u00famero de descargas, origen de la descarga, ubicaci\u00f3n y calle que conecte al drenaje y punto de recolecci\u00f3n de la muestra.<\/p>\n<p>10.- Pago de derechos de aguas residuales.<\/p>\n<p>Nota: Para el caso de renovaci\u00f3n presentar requisitos 1, 2, 4, 5, 7, 8, 9 y 10<\/p>\n<p>[\/et_pb_toggle][\/et_pb_column][et_pb_column type=\u00bb1_2&#8243; _builder_version=\u00bb4.27.4&#8243; _module_preset=\u00bbdefault\u00bb global_colors_info=\u00bb{}\u00bb][et_pb_toggle title=\u00bbRequisitos de personas morales.\u00bb closed_toggle_text_color=\u00bb#FFFFFF\u00bb closed_toggle_background_color=\u00bb#0C71C3&#8243; _builder_version=\u00bb4.27.4&#8243; _module_preset=\u00bbdefault\u00bb body_text_align=\u00bbleft\u00bb body_text_color=\u00bb#000000&#8243; hover_enabled=\u00bb0&#8243; global_colors_info=\u00bb{}\u00bb sticky_enabled=\u00bb0&#8243;]<\/p>\n<p>1.- FORMATO DE SOLICITUD<br \/>2.- USO DE SUELO<br \/>3.- RECIBO DE PAGO DE AGUA AL CORRIENTE<br \/>4.- AN\u00c1LISIS VIGENTES BAJO LA NORMA-002-SEMARNAT-1996<br \/>5.- LICENCIA DE FUNCIONAMIENTO O COPIA DEL TR\u00c1MITE<br \/>6.- IDENTIFICACI\u00d3N OFICIAL DEL TITULAR<br \/>7.- DOCUMENTO QUE ACREDITE LA PROPIEDAD O CONTRATO DE ARRENDAMIENTO<br \/>8.- PODER NOTARIAL EN CASO DE REALIZAR EL TR\u00c1MITE UNA PERSONA DIFERENTE AL<br \/>REPRESENTANTE LEGAL<br \/>9.- PLANO HIDROSANITARIO Y\/O CROQUIS INDICANDO N\u00daMERO DE DESCARGAS, ORIGEN DE<br \/>LA DESCARGA, UBICACI\u00d3N Y CALLE QUE CONECTE AL DRENAJE Y PUNTO DE RECOLECCI\u00d3N<br \/>DE LA MUESTRA<br \/>10.- PAGO DE DERECHOS DE AGUAS RESIDUALES<br \/>NOTA: PARA EL CASO DE RENOVACI\u00d3N PRESENTAR REQUISITOS 1,2, 4, 5, 7, 8, 9 Y 10<\/p>\n<p>[\/et_pb_toggle][et_pb_toggle title=\u00bbRequisitos de instituciones publicas.\u00bb open_toggle_text_color=\u00bb#000000&#8243; open_toggle_background_color=\u00bb#FFFFFF\u00bb closed_toggle_background_color=\u00bb#0C71C3&#8243; _builder_version=\u00bb4.27.4&#8243; _module_preset=\u00bbdefault\u00bb title_text_color=\u00bb#FFFFFF\u00bb body_text_color=\u00bb#000000&#8243; global_colors_info=\u00bb{}\u00bb]<\/p>\n<p>N\/A<\/p>\n<p>[\/et_pb_toggle][\/et_pb_column][\/et_pb_row][\/et_pb_section][et_pb_section fb_built=\u00bb1&#8243; _builder_version=\u00bb4.27.4&#8243; _module_preset=\u00bbdefault\u00bb global_colors_info=\u00bb{}\u00bb][et_pb_row column_structure=\u00bb1_2,1_2&#8243; _builder_version=\u00bb4.27.4&#8243; _module_preset=\u00bbdefault\u00bb global_colors_info=\u00bb{}\u00bb][et_pb_column type=\u00bb1_2&#8243; _builder_version=\u00bb4.27.4&#8243; _module_preset=\u00bbdefault\u00bb global_colors_info=\u00bb{}\u00bb][et_pb_image src=\u00bbhttps:\/\/sapasac.gob.mx\/wp-content\/uploads\/2025\/08\/qr-code-12.png\u00bb title_text=\u00bbqr-code (12)\u00bb align=\u00bbcenter\u00bb _builder_version=\u00bb4.27.4&#8243; _module_preset=\u00bbdefault\u00bb width=\u00bb59%\u00bb max_width=\u00bb62%\u00bb global_colors_info=\u00bb{}\u00bb][\/et_pb_image][\/et_pb_column][et_pb_column type=\u00bb1_2&#8243; _builder_version=\u00bb4.27.4&#8243; _module_preset=\u00bbdefault\u00bb global_colors_info=\u00bb{}\u00bb][et_pb_button button_url=\u00bbhttps:\/\/sapasac.gob.mx\/wp-content\/uploads\/2025\/08\/PERMISO-ANUAL-DE-DESCARGA-DE-AGUAS-RESIDUALES.pdf\u00bb url_new_window=\u00bbon\u00bb button_text=\u00bbREMTy\u00bb button_alignment=\u00bbcenter\u00bb _builder_version=\u00bb4.27.4&#8243; _module_preset=\u00bbdefault\u00bb custom_button=\u00bbon\u00bb button_text_size=\u00bb23px\u00bb button_text_color=\u00bb#0C71C3&#8243; custom_margin=\u00bb||0px||false|false\u00bb custom_padding=\u00bb||0px||false|false\u00bb box_shadow_style=\u00bbpreset4&#8243; global_colors_info=\u00bb{}\u00bb][\/et_pb_button][et_pb_divider show_divider=\u00bboff\u00bb _builder_version=\u00bb4.27.4&#8243; _module_preset=\u00bbdefault\u00bb global_colors_info=\u00bb{}\u00bb][\/et_pb_divider][et_pb_button button_url=\u00bbhttps:\/\/sapasac.gob.mx\/wp-content\/uploads\/2026\/01\/FORMATO-DE-TRA\u0301MITES-2026.pdf\u00bb url_new_window=\u00bbon\u00bb button_text=\u00bbDescarga Formato\u00bb button_alignment=\u00bbcenter\u00bb _builder_version=\u00bb4.27.4&#8243; _module_preset=\u00bbdefault\u00bb custom_button=\u00bbon\u00bb button_text_size=\u00bb23px\u00bb button_text_color=\u00bb#0C71C3&#8243; custom_margin=\u00bb||0px||false|false\u00bb custom_padding=\u00bb||0px||false|false\u00bb box_shadow_style=\u00bbpreset4&#8243; global_colors_info=\u00bb{}\u00bb][\/et_pb_button][\/et_pb_column][\/et_pb_row][\/et_pb_section][et_pb_section fb_built=\u00bb1&#8243; _builder_version=\u00bb4.27.4&#8243; _module_preset=\u00bbdefault\u00bb global_colors_info=\u00bb{}\u00bb][et_pb_row column_structure=\u00bb1_2,1_2&#8243; _builder_version=\u00bb4.27.4&#8243; _module_preset=\u00bbdefault\u00bb global_colors_info=\u00bb{}\u00bb][et_pb_column type=\u00bb1_2&#8243; _builder_version=\u00bb4.27.4&#8243; _module_preset=\u00bbdefault\u00bb global_colors_info=\u00bb{}\u00bb][et_pb_text _builder_version=\u00bb4.27.4&#8243; _module_preset=\u00bbdefault\u00bb text_font=\u00bbABeeZee||||||||\u00bb text_text_color=\u00bb#000000&#8243; global_colors_info=\u00bb{}\u00bb]<\/p>\n<h3><strong>Documento a obtener.<\/strong><\/h3>\n<p>Permiso de descarga de agua residual para usuarios no domesticos.<\/p>\n<h3><strong>Casos en el que el tramite debe realizarse.<\/strong><\/h3>\n<p>Cuando se trate de agua residual para usuarios no domesticos\u00a0 con descargas de agua residual a drenaje municipal.<\/p>\n<h3><strong>Criterios de resolucion de tramite.<\/strong><\/h3>\n<p>Se otorga si se presentan todos los requisitos y no rebasen los limites maximos permisibles establecidos en la nom-002-semarnat-1996.<\/p>\n<p>[\/et_pb_text][\/et_pb_column][et_pb_column type=\u00bb1_2&#8243; _builder_version=\u00bb4.27.4&#8243; _module_preset=\u00bbdefault\u00bb global_colors_info=\u00bb{}\u00bb][et_pb_text _builder_version=\u00bb4.27.4&#8243; _module_preset=\u00bbdefault\u00bb text_font=\u00bbABeeZee||||||||\u00bb text_text_color=\u00bb#000000&#8243; global_colors_info=\u00bb{}\u00bb]<\/p>\n<h3 class=\"tbk__title\" itemprop=\"headline\"><strong><span>Unidad Administrativa Responsable<\/span><\/strong><\/h3>\n<p class=\"kl-title-block clearfix tbk--text- tbk--center text-center tbk-symbol--  tbk-icon-pos--after-title eluid31e84a95 \">Oficinas de aguas residuales.<\/p>\n<div class=\"kl-title-block clearfix tbk--text- tbk--center text-center tbk-symbol--  tbk-icon-pos--after-title eluidffd6ea74 \">\n<h3 class=\"tbk__title\" itemprop=\"headline\"><span><strong>Titular de la Dependencia<\/strong><\/span><\/h3>\n<p>Lic.Ricardo Gut\u00ederrez amador\u00a0<\/p>\n<h3><strong><\/strong><\/h3>\n<h3><strong>Domicilio<\/strong><\/h3>\n<\/div>\n<div class=\"kl-title-block clearfix tbk--text- tbk--center text-center tbk-symbol--  tbk-icon-pos--after-title eluidca498fec \">\n<p class=\"tbk__subtitle\" itemprop=\"alternativeHeadline\">Calle BLVD.Coacalco no.int y ext 221<\/p>\n<p class=\"tbk__subtitle\" itemprop=\"alternativeHeadline\">\n<\/div>\n<div class=\"kl-title-block clearfix tbk--text- tbk--center text-center tbk-symbol--  tbk-icon-pos--after-title eluide929dadf \">\n<h3 class=\"tbk__title\" itemprop=\"headline\"><span><strong>Tel\u00e9fono<\/strong><\/span><span><\/span><\/h3>\n<p class=\"tbk__subtitle\" itemprop=\"alternativeHeadline\">N\/A<\/p>\n<h3><strong>\u00a0<\/strong><strong>Correo electr\u00f3nico<\/strong><\/h3>\n<\/div>\n<div class=\"kl-title-block clearfix tbk--text- tbk--center text-center tbk-symbol--  tbk-icon-pos--after-title eluid4677c24c \">\n<p class=\"tbk__subtitle\" itemprop=\"alternativeHeadline\">N\/A<\/p>\n<\/div>\n<p>[\/et_pb_text][\/et_pb_column][\/et_pb_row][\/et_pb_section]<\/p>\n","protected":false},"excerpt":{"rendered":"<p>Permiso anual de descarga de aguas residuales.Descripcion.Documento con el cual debe contar los usuarios no domesticos que descarguen aguas residuales a la red de alcantarillado municipal mediate el cual se tiene la certeza que los propietarios de giro industriales, comerciales y de servicio no rebasan los limites maximos permisibles de contaminantes en las aguas residuales [&hellip;]<\/p>\n","protected":false},"author":1,"featured_media":0,"parent":0,"menu_order":0,"comment_status":"closed","ping_status":"closed","template":"","meta":{"_et_pb_use_builder":"on","_et_pb_old_content":"","_et_gb_content_width":"","footnotes":""},"class_list":["post-442","page","type-page","status-publish","hentry"],"_links":{"self":[{"href":"https:\/\/sapasac.gob.mx\/index.php\/wp-json\/wp\/v2\/pages\/442","targetHints":{"allow":["GET"]}}],"collection":[{"href":"https:\/\/sapasac.gob.mx\/index.php\/wp-json\/wp\/v2\/pages"}],"about":[{"href":"https:\/\/sapasac.gob.mx\/index.php\/wp-json\/wp\/v2\/types\/page"}],"author":[{"embeddable":true,"href":"https:\/\/sapasac.gob.mx\/index.php\/wp-json\/wp\/v2\/users\/1"}],"replies":[{"embeddable":true,"href":"https:\/\/sapasac.gob.mx\/index.php\/wp-json\/wp\/v2\/comments?post=442"}],"version-history":[{"count":6,"href":"https:\/\/sapasac.gob.mx\/index.php\/wp-json\/wp\/v2\/pages\/442\/revisions"}],"predecessor-version":[{"id":1103,"href":"https:\/\/sapasac.gob.mx\/index.php\/wp-json\/wp\/v2\/pages\/442\/revisions\/1103"}],"wp:attachment":[{"href":"https:\/\/sapasac.gob.mx\/index.php\/wp-json\/wp\/v2\/media?parent=442"}],"curies":[{"name":"wp","href":"https:\/\/api.w.org\/{rel}","templated":true}]}}