{"id":865,"date":"2025-05-14T17:23:08","date_gmt":"2025-05-14T17:23:08","guid":{"rendered":"https:\/\/sapasac.gob.mx\/?page_id=865"},"modified":"2025-05-22T20:57:09","modified_gmt":"2025-05-22T20:57:09","slug":"cuenta-publica","status":"publish","type":"page","link":"https:\/\/sapasac.gob.mx\/index.php\/cuenta-publica\/","title":{"rendered":"Cuenta P\u00fablica"},"content":{"rendered":"<p>[et_pb_section fb_built=\u00bb1&#8243; _builder_version=\u00bb4.27.4&#8243; _module_preset=\u00bbdefault\u00bb global_colors_info=\u00bb{}\u00bb][et_pb_row _builder_version=\u00bb4.27.4&#8243; _module_preset=\u00bbdefault\u00bb global_colors_info=\u00bb{}\u00bb][et_pb_column type=\u00bb4_4&#8243; _builder_version=\u00bb4.27.4&#8243; _module_preset=\u00bbdefault\u00bb global_colors_info=\u00bb{}\u00bb][et_pb_text _builder_version=\u00bb4.27.4&#8243; _module_preset=\u00bbdefault\u00bb text_font=\u00bbABeeZee||||||||\u00bb text_text_color=\u00bb#000000&#8243; text_font_size=\u00bb50px\u00bb text_orientation=\u00bbcenter\u00bb global_colors_info=\u00bb{}\u00bb]<\/p>\n<p>CUENTA P\u00daBLICA<\/p>\n<p>[\/et_pb_text][\/et_pb_column][\/et_pb_row][\/et_pb_section][et_pb_section fb_built=\u00bb1&#8243; _builder_version=\u00bb4.27.4&#8243; _module_preset=\u00bbdefault\u00bb global_colors_info=\u00bb{}\u00bb][et_pb_row _builder_version=\u00bb4.27.4&#8243; _module_preset=\u00bbdefault\u00bb global_colors_info=\u00bb{}\u00bb][et_pb_column type=\u00bb4_4&#8243; _builder_version=\u00bb4.27.4&#8243; _module_preset=\u00bbdefault\u00bb global_colors_info=\u00bb{}\u00bb][et_pb_tabs _builder_version=\u00bb4.27.4&#8243; _module_preset=\u00bbdefault\u00bb hover_enabled=\u00bb0&#8243; global_colors_info=\u00bb{}\u00bb sticky_enabled=\u00bb0&#8243;][et_pb_tab title=\u00bb2024&#8243; _builder_version=\u00bb4.27.4&#8243; _module_preset=\u00bbdefault\u00bb hover_enabled=\u00bb0&#8243; global_colors_info=\u00bb{}\u00bb sticky_enabled=\u00bb0&#8243;]<\/p>\n<p><a href=\"https:\/\/sapasac.gob.mx\/wp-content\/uploads\/2025\/05\/cuenta-publica-2024.pdf\" target=\"_blank\" rel=\"noopener\">cuenta p\u00fablica 2024<\/a><\/p>\n<p>[\/et_pb_tab][et_pb_tab title=\u00bb2023&#8243; _builder_version=\u00bb4.27.4&#8243; _module_preset=\u00bbdefault\u00bb hover_enabled=\u00bb0&#8243; global_colors_info=\u00bb{}\u00bb sticky_enabled=\u00bb0&#8243;]<\/p>\n<p><a href=\"https:\/\/sapasac.gob.mx\/wp-content\/uploads\/2025\/05\/cuenta-publica-2023.pdf\" target=\"_blank\" rel=\"noopener\">cuenta p\u00fablica 2023<\/a><\/p>\n<p>[\/et_pb_tab][et_pb_tab title=\u00bb2022&#8243; _builder_version=\u00bb4.27.4&#8243; _module_preset=\u00bbdefault\u00bb hover_enabled=\u00bb0&#8243; global_colors_info=\u00bb{}\u00bb sticky_enabled=\u00bb0&#8243;]<\/p>\n<p><a href=\"https:\/\/sapasac.gob.mx\/wp-content\/uploads\/2025\/05\/cuenta-publica-2022.pdf\" target=\"_blank\" rel=\"noopener\"><span style=\"color: #000000;\">cuenta p\u00fablica 2022<\/span><\/a><\/p>\n<p>[\/et_pb_tab][et_pb_tab title=\u00bb2021&#8243; _builder_version=\u00bb4.27.4&#8243; _module_preset=\u00bbdefault\u00bb global_colors_info=\u00bb{}\u00bb]<\/p>\n<p><a href=\"https:\/\/sapasac.gob.mx\/wp-content\/uploads\/2025\/05\/cuenta-publica-2021.pdf\" target=\"_blank\" rel=\"noopener\">cuenta p\u00fablica 2021<\/a><\/p>\n<p>[\/et_pb_tab][et_pb_tab title=\u00bb2020&#8243; _builder_version=\u00bb4.27.4&#8243; _module_preset=\u00bbdefault\u00bb global_colors_info=\u00bb{}\u00bb]<\/p>\n<p><a href=\"https:\/\/sapasac.gob.mx\/wp-content\/uploads\/2025\/05\/cuenta-publica-2020.pdf\" target=\"_blank\" rel=\"noopener\">cuenta p\u00fablica 2020<\/a><\/p>\n<p>[\/et_pb_tab][et_pb_tab title=\u00bb2019&#8243; _builder_version=\u00bb4.27.4&#8243; _module_preset=\u00bbdefault\u00bb global_colors_info=\u00bb{}\u00bb]<\/p>\n<p><a href=\"https:\/\/sapasac.gob.mx\/wp-content\/uploads\/2025\/05\/cuenta-publica-2019.pdf\" target=\"_blank\" rel=\"noopener\">cuenta p\u00fablica 2019<\/a><\/p>\n<p>[\/et_pb_tab][\/et_pb_tabs][\/et_pb_column][\/et_pb_row][\/et_pb_section]<\/p>\n","protected":false},"excerpt":{"rendered":"<p>CUENTA P\u00daBLICAcuenta p\u00fablica 2024cuenta p\u00fablica 2023cuenta p\u00fablica 2022cuenta p\u00fablica 2021cuenta p\u00fablica 2020cuenta p\u00fablica 2019<\/p>\n","protected":false},"author":1,"featured_media":0,"parent":0,"menu_order":0,"comment_status":"closed","ping_status":"closed","template":"","meta":{"_et_pb_use_builder":"on","_et_pb_old_content":"","_et_gb_content_width":"","footnotes":""},"class_list":["post-865","page","type-page","status-publish","hentry"],"_links":{"self":[{"href":"https:\/\/sapasac.gob.mx\/index.php\/wp-json\/wp\/v2\/pages\/865","targetHints":{"allow":["GET"]}}],"collection":[{"href":"https:\/\/sapasac.gob.mx\/index.php\/wp-json\/wp\/v2\/pages"}],"about":[{"href":"https:\/\/sapasac.gob.mx\/index.php\/wp-json\/wp\/v2\/types\/page"}],"author":[{"embeddable":true,"href":"https:\/\/sapasac.gob.mx\/index.php\/wp-json\/wp\/v2\/users\/1"}],"replies":[{"embeddable":true,"href":"https:\/\/sapasac.gob.mx\/index.php\/wp-json\/wp\/v2\/comments?post=865"}],"version-history":[{"count":4,"href":"https:\/\/sapasac.gob.mx\/index.php\/wp-json\/wp\/v2\/pages\/865\/revisions"}],"predecessor-version":[{"id":912,"href":"https:\/\/sapasac.gob.mx\/index.php\/wp-json\/wp\/v2\/pages\/865\/revisions\/912"}],"wp:attachment":[{"href":"https:\/\/sapasac.gob.mx\/index.php\/wp-json\/wp\/v2\/media?parent=865"}],"curies":[{"name":"wp","href":"https:\/\/api.w.org\/{rel}","templated":true}]}}